{"id":12486,"date":"2026-04-24T08:21:34","date_gmt":"2026-04-24T11:21:34","guid":{"rendered":"https:\/\/epic.net.ar\/?post_type=product&#038;p=12486"},"modified":"2026-04-29T10:22:39","modified_gmt":"2026-04-29T13:22:39","slug":"fuente-digital-programable-owon-60v-10a-300w","status":"publish","type":"product","link":"https:\/\/epic.net.ar\/en\/product\/fuente-digital-programable-owon-60v-10a-300w\/","title":{"rendered":"FUENTE DIGITAL PROGRAMABLE OWON SPE6103 60V 10A 300W"},"content":{"rendered":"<p><strong>ESPECIFICACIONES T\u00c9CNICAS:<\/strong><br \/>\n&#8211; Channel: Single Channel Output<br \/>\n&#8211; Total Output Power: 300W<br \/>\n&#8211; Channel Output: 0 &#8211; 60V \/ 0 &#8211; 10A<br \/>\n&#8211; USB Output: 5V\/1A(SPE Series) or suppout QC2.0, QC3.0, BC1.2, Apple, Huawei, Samsung fast charging protocols (SPE-U Series)<br \/>\n&#8211; Display: 2,8 inch color LCD display<br \/>\n&#8211; Dimension: 82mm \u00d7 142mm \u00d7 226mm<br \/>\n&#8211; Weight: 1,5 kg<br \/>\n&#8211; Interface: USB<br \/>\n&#8211; Rated Output (0 C &#8211; 40 C):<br \/>\n-Voltage: 0 &#8211; 60V<br \/>\n-Current: 0 &#8211; 10V<br \/>\n-Output power: 300W<br \/>\n&#8211; Load Regulation:<br \/>\n-Voltage: menor 30mV<br \/>\n-Current: menor 20mA<br \/>\n&#8211; Power Regulation:<br \/>\n-Voltage: menor 30mV<br \/>\n-Current: menor 20mA<br \/>\n&#8211; Setting Resolution:<br \/>\n-Voltage: 10mV<br \/>\n-Current: 1mA<br \/>\n&#8211; Readback Resolution:<br \/>\n-Voltage: 10mV<br \/>\n-Current: 1mA<br \/>\n&#8211; Value Resolution (within 12 months) (20 C &#8211; 30 C):<br \/>\n-Voltage: menor a 0,1% (+\/-) 30mV<br \/>\n-Current: menor a 0,05% (+\/-) 10mA<br \/>\n&#8211; Readback Value Resolution (20 C &#8211; 30 C):<br \/>\n-Voltage: menor a 0,1% (+\/-) 30mV<br \/>\n-Current: menor a 0,1% (+\/-) 10mA<br \/>\n&#8211; Ripple \/ Noise:<br \/>\n-Voltage (Vp-p): menor a 50mVp-p<br \/>\n-Voltage (rms): menor a 5mVrms<br \/>\n-Current (rms): menor a 30mAp-p<br \/>\n&#8211; Output temperature coefficient: (0 C &#8211; 40 C):<br \/>\n-Voltage: 100ppm\/C<br \/>\n-Current: 200ppm\/C<br \/>\n&#8211; Readback temperature coefficient:<br \/>\n-Voltage: 100ppm\/C<br \/>\n-Current: 200ppm\/C<br \/>\n&#8211; Response Time: menor 1.0 ms<br \/>\n&#8211; Storage: 4 groups of data<br \/>\n&#8211; Working Temperature: 0 C &#8211; 40 C<\/p>\n<p><strong>INCLUYE<\/strong><br \/>\n&#8211; Cable de alimentaci\u00f3n<br \/>\n&#8211; Cable USB<br \/>\n&#8211; Fusible<br \/>\n&#8211; Manual de usuario<\/p>","protected":false},"excerpt":{"rendered":"<p><strong>CARACTERTISTICAS PRINCIPALES:<\/strong><\/p>\n<p>&#8211; Reducido tama\u00f1o<br \/>\n&#8211; 300W de potencia de salida m\u00e1xima<br \/>\n&#8211; Baja ondulaci\u00f3n y ruido<br \/>\n&#8211; Salida de edici\u00f3n de forma de onda de lista, 10 grupos editables de funci\u00f3n de salida de tiempo<br \/>\n&#8211; Protecci\u00f3n contra sobretensi\u00f3n \/ sobrecorriente<br \/>\n&#8211; Funci\u00f3n de monitoreo de la curva de voltaje y corriente de salida<br \/>\n&#8211; Pantalla TFT LCD de 2,8 pulgadas<br \/>\n&#8211; Soporte de comunicaci\u00f3n USB<br \/>\n&#8211; Soporte SCPI<br \/>\n&#8211; Resoluci\u00f3n de 10mV \/ 1mA<\/p>\n<p>&nbsp;<\/p>","protected":false},"featured_media":12488,"comment_status":"closed","ping_status":"closed","template":"","meta":{"_et_pb_use_builder":"","_et_pb_old_content":"","_et_gb_content_width":"","_uag_custom_page_level_css":"","_joinchat":[]},"product_brand":[129],"product_cat":[108,24,21,27,64],"product_tag":[48],"class_list":{"0":"post-12486","1":"product","2":"type-product","3":"status-publish","4":"has-post-thumbnail","6":"product_brand-owon","7":"product_cat-fuentes","8":"product_cat-fuentes-de-alimentacion","9":"product_cat-instrumental-electronico","10":"product_cat-laboratorio","11":"product_cat-novedades","12":"product_tag-owon","14":"first","15":"instock","16":"sale","17":"shipping-taxable","18":"purchasable","19":"product-type-simple","20":"add-to-wishlist-before_image"},"uagb_featured_image_src":{"full":["https:\/\/epic.net.ar\/wp-content\/uploads\/2024\/01\/WhatsApp-Image-2024-01-25-at-08.43.52.jpeg",1080,1080,false],"thumbnail":["https:\/\/epic.net.ar\/wp-content\/uploads\/2024\/01\/WhatsApp-Image-2024-01-25-at-08.43.52-150x150.jpeg",150,150,true],"medium":["https:\/\/epic.net.ar\/wp-content\/uploads\/2024\/01\/WhatsApp-Image-2024-01-25-at-08.43.52-300x300.jpeg",300,300,true],"medium_large":["https:\/\/epic.net.ar\/wp-content\/uploads\/2024\/01\/WhatsApp-Image-2024-01-25-at-08.43.52-768x768.jpeg",768,768,true],"large":["https:\/\/epic.net.ar\/wp-content\/uploads\/2024\/01\/WhatsApp-Image-2024-01-25-at-08.43.52-1024x1024.jpeg",1024,1024,true],"1536x1536":["https:\/\/epic.net.ar\/wp-content\/uploads\/2024\/01\/WhatsApp-Image-2024-01-25-at-08.43.52.jpeg",1080,1080,false],"2048x2048":["https:\/\/epic.net.ar\/wp-content\/uploads\/2024\/01\/WhatsApp-Image-2024-01-25-at-08.43.52.jpeg",1080,1080,false],"trp-custom-language-flag":["https:\/\/epic.net.ar\/wp-content\/uploads\/2024\/01\/WhatsApp-Image-2024-01-25-at-08.43.52.jpeg",12,12,false],"et-pb-post-main-image":["https:\/\/epic.net.ar\/wp-content\/uploads\/2024\/01\/WhatsApp-Image-2024-01-25-at-08.43.52-400x250.jpeg",400,250,true],"et-pb-post-main-image-fullwidth":["https:\/\/epic.net.ar\/wp-content\/uploads\/2024\/01\/WhatsApp-Image-2024-01-25-at-08.43.52-1080x675.jpeg",1080,675,true],"et-pb-portfolio-image":["https:\/\/epic.net.ar\/wp-content\/uploads\/2024\/01\/WhatsApp-Image-2024-01-25-at-08.43.52-400x284.jpeg",400,284,true],"et-pb-portfolio-module-image":["https:\/\/epic.net.ar\/wp-content\/uploads\/2024\/01\/WhatsApp-Image-2024-01-25-at-08.43.52-510x382.jpeg",510,382,true],"et-pb-portfolio-image-single":["https:\/\/epic.net.ar\/wp-content\/uploads\/2024\/01\/WhatsApp-Image-2024-01-25-at-08.43.52.jpeg",1080,1080,false],"et-pb-gallery-module-image-portrait":["https:\/\/epic.net.ar\/wp-content\/uploads\/2024\/01\/WhatsApp-Image-2024-01-25-at-08.43.52-400x516.jpeg",400,516,true],"et-pb-post-main-image-fullwidth-large":["https:\/\/epic.net.ar\/wp-content\/uploads\/2024\/01\/WhatsApp-Image-2024-01-25-at-08.43.52.jpeg",1080,1080,false],"et-pb-image--responsive--desktop":["https:\/\/epic.net.ar\/wp-content\/uploads\/2024\/01\/WhatsApp-Image-2024-01-25-at-08.43.52.jpeg",720,720,false],"et-pb-image--responsive--tablet":["https:\/\/epic.net.ar\/wp-content\/uploads\/2024\/01\/WhatsApp-Image-2024-01-25-at-08.43.52-980x980.jpeg",551,551,true],"et-pb-image--responsive--phone":["https:\/\/epic.net.ar\/wp-content\/uploads\/2024\/01\/WhatsApp-Image-2024-01-25-at-08.43.52-480x480.jpeg",270,270,true],"woocommerce_thumbnail":["https:\/\/epic.net.ar\/wp-content\/uploads\/2024\/01\/WhatsApp-Image-2024-01-25-at-08.43.52-300x300.jpeg",300,300,true],"woocommerce_single":["https:\/\/epic.net.ar\/wp-content\/uploads\/2024\/01\/WhatsApp-Image-2024-01-25-at-08.43.52-600x600.jpeg",600,600,true],"woocommerce_gallery_thumbnail":["https:\/\/epic.net.ar\/wp-content\/uploads\/2024\/01\/WhatsApp-Image-2024-01-25-at-08.43.52-100x100.jpeg",100,100,true],"dgwt-wcas-product-suggestion":["https:\/\/epic.net.ar\/wp-content\/uploads\/2024\/01\/WhatsApp-Image-2024-01-25-at-08.43.52-64x64.jpeg",64,64,true]},"uagb_author_info":{"display_name":"epic Equipamiento Electr\u00f3nico","author_link":"https:\/\/epic.net.ar\/en\/author\/"},"uagb_comment_info":0,"uagb_excerpt":"CARACTERTISTICAS PRINCIPALES: - Reducido tama\u00f1o - 300W de potencia de salida m\u00e1xima - Baja ondulaci\u00f3n y ruido - Salida de edici\u00f3n de forma de onda de lista, 10 grupos editables de funci\u00f3n de salida de tiempo - Protecci\u00f3n contra sobretensi\u00f3n \/ sobrecorriente - Funci\u00f3n de monitoreo de la curva de voltaje y corriente de salida&hellip;","_links":{"self":[{"href":"https:\/\/epic.net.ar\/en\/wp-json\/wp\/v2\/product\/12486","targetHints":{"allow":["GET"]}}],"collection":[{"href":"https:\/\/epic.net.ar\/en\/wp-json\/wp\/v2\/product"}],"about":[{"href":"https:\/\/epic.net.ar\/en\/wp-json\/wp\/v2\/types\/product"}],"replies":[{"embeddable":true,"href":"https:\/\/epic.net.ar\/en\/wp-json\/wp\/v2\/comments?post=12486"}],"wp:featuredmedia":[{"embeddable":true,"href":"https:\/\/epic.net.ar\/en\/wp-json\/wp\/v2\/media\/12488"}],"wp:attachment":[{"href":"https:\/\/epic.net.ar\/en\/wp-json\/wp\/v2\/media?parent=12486"}],"wp:term":[{"taxonomy":"product_brand","embeddable":true,"href":"https:\/\/epic.net.ar\/en\/wp-json\/wp\/v2\/product_brand?post=12486"},{"taxonomy":"product_cat","embeddable":true,"href":"https:\/\/epic.net.ar\/en\/wp-json\/wp\/v2\/product_cat?post=12486"},{"taxonomy":"product_tag","embeddable":true,"href":"https:\/\/epic.net.ar\/en\/wp-json\/wp\/v2\/product_tag?post=12486"}],"curies":[{"name":"wp","href":"https:\/\/api.w.org\/{rel}","templated":true}]}}