{"id":11690,"date":"2023-11-21T09:15:59","date_gmt":"2023-11-21T12:15:59","guid":{"rendered":"https:\/\/epic.net.ar\/?post_type=product&#038;p=11690"},"modified":"2026-04-30T14:46:24","modified_gmt":"2026-04-30T17:46:24","slug":"inyeccion-electronica-mercosur-v-con-inmovilizadores-manual-tecnico","status":"publish","type":"product","link":"https:\/\/epic.net.ar\/en\/product\/inyeccion-electronica-mercosur-v-con-inmovilizadores-manual-tecnico\/","title":{"rendered":"Inyecci\u00f3n electr\u00f3nica Mercosur V Con Inmovilizadores &#8211; Manual T\u00e9cnico"},"content":{"rendered":"<p><strong>Diagn\u00f3sticos r\u00e1pidos y exitosos gracias a la buena informaci\u00f3n t\u00e9cnica.<\/strong><br \/>\nPara el t\u00e9cnico de laboratorio y tallerista<\/p>\n<p>Esquemas el\u00e9ctricos de los sistemas de inyecci\u00f3n y todos los m\u00f3dulos involucrados:<\/p>\n<ul>\n<li>ECU<\/li>\n<li>sensores<\/li>\n<li>sistema de inyecci\u00f3n y arranque<\/li>\n<li>otros m\u00f3dulos<\/li>\n<\/ul>\n<p><strong>Sistemas:<\/strong><\/p>\n<ul>\n<li>Chevrolet: Captiva 2.0 \/ <strong>BOSCH EDC16C39<\/strong><\/li>\n<li>Chevrolet: S10 2.8 \/ <strong>BOSCH EDC16C9<\/strong><\/li>\n<li>Chevrolet Spin 1.4 \/<strong> BOSCH E84<\/strong><\/li>\n<li>Citro\u00ebn C3 1.4 \/ <strong>VALEO J34P<\/strong><\/li>\n<li>Citro\u00ebn C4 Lounge \/ <strong>MED 17.4.4<\/strong><\/li>\n<li>Fiat Doblo 1.4 16V \/ <strong>BOSCH ME17.3.0<\/strong><\/li>\n<li>Fiat Cronos 1.8 \/ <strong>MAGNETI MARELLI IAW 10GF<\/strong><\/li>\n<li>Fiat Toro \/ <strong>BOSCH EDC17C69<\/strong><\/li>\n<li>Ford Fiesta Kinetic 1.6 16V \u00a0\/ <strong>CONTINENTAL EMS2211<\/strong><\/li>\n<li>Ford Ka \/ <strong>BOSCH ME17.0.3<\/strong><\/li>\n<li>Peugeot 208 1.6 \/ <strong>BOSCH ME7.4.9R<\/strong><\/li>\n<li>Peugeot 508 HDI \/ <strong>DELPHI DCM 3.5<\/strong><\/li>\n<li>Peugeot Partner 1.6 HDI \/ <strong>BOSCH EDC17C10<\/strong><\/li>\n<li>Renault Duster 2.0 \/ <strong>VALEO V42<\/strong><\/li>\n<li>Renault Megane II Tarjetero \/\u00a0 <strong>SAGEM 3000<\/strong><\/li>\n<\/ul>","protected":false},"excerpt":{"rendered":"<p><strong>Ahorr\u00e1 tiempo y gan\u00e1 m\u00e1s dinero con diagn\u00f3sticos r\u00e1pidos y exitosos.<br \/>\n<\/strong><b>Un manual de CEA: informaci\u00f3n pr\u00e1ctica y de calidad.<\/b><\/p>\n<p>Esquemas el\u00e9ctricos de los sistemas de inyecci\u00f3n y todos los m\u00f3dulos involucrados.\u00a0 <em>Ver veh\u00edculos abajo<\/em>.<\/p>","protected":false},"featured_media":11692,"comment_status":"closed","ping_status":"closed","template":"","meta":{"_et_pb_use_builder":"","_et_pb_old_content":"","_et_gb_content_width":"","_uag_custom_page_level_css":"","_joinchat":[]},"product_brand":[],"product_cat":[39],"product_tag":[],"class_list":{"0":"post-11690","1":"product","2":"type-product","3":"status-publish","4":"has-post-thumbnail","6":"product_cat-manuales","8":"first","9":"instock","10":"shipping-taxable","11":"purchasable","12":"product-type-simple","13":"add-to-wishlist-before_image"},"uagb_featured_image_src":{"full":["https:\/\/epic.net.ar\/wp-content\/uploads\/2023\/11\/mercosur-5-scaled.jpg",2560,2560,false],"thumbnail":["https:\/\/epic.net.ar\/wp-content\/uploads\/2023\/11\/mercosur-5-150x150.jpg",150,150,true],"medium":["https:\/\/epic.net.ar\/wp-content\/uploads\/2023\/11\/mercosur-5-300x300.jpg",300,300,true],"medium_large":["https:\/\/epic.net.ar\/wp-content\/uploads\/2023\/11\/mercosur-5-768x768.jpg",768,768,true],"large":["https:\/\/epic.net.ar\/wp-content\/uploads\/2023\/11\/mercosur-5-1024x1024.jpg",1024,1024,true],"1536x1536":["https:\/\/epic.net.ar\/wp-content\/uploads\/2023\/11\/mercosur-5-1536x1536.jpg",1536,1536,true],"2048x2048":["https:\/\/epic.net.ar\/wp-content\/uploads\/2023\/11\/mercosur-5-2048x2048.jpg",2048,2048,true],"trp-custom-language-flag":["https:\/\/epic.net.ar\/wp-content\/uploads\/2023\/11\/mercosur-5-scaled.jpg",12,12,false],"et-pb-post-main-image":["https:\/\/epic.net.ar\/wp-content\/uploads\/2023\/11\/mercosur-5-400x250.jpg",400,250,true],"et-pb-post-main-image-fullwidth":["https:\/\/epic.net.ar\/wp-content\/uploads\/2023\/11\/mercosur-5-1080x675.jpg",1080,675,true],"et-pb-portfolio-image":["https:\/\/epic.net.ar\/wp-content\/uploads\/2023\/11\/mercosur-5-400x284.jpg",400,284,true],"et-pb-portfolio-module-image":["https:\/\/epic.net.ar\/wp-content\/uploads\/2023\/11\/mercosur-5-510x382.jpg",510,382,true],"et-pb-portfolio-image-single":["https:\/\/epic.net.ar\/wp-content\/uploads\/2023\/11\/mercosur-5-1080x1080.jpg",1080,1080,true],"et-pb-gallery-module-image-portrait":["https:\/\/epic.net.ar\/wp-content\/uploads\/2023\/11\/mercosur-5-400x516.jpg",400,516,true],"et-pb-post-main-image-fullwidth-large":["https:\/\/epic.net.ar\/wp-content\/uploads\/2023\/11\/mercosur-5-2880x1800.jpg",2880,1800,true],"et-pb-image--responsive--desktop":["https:\/\/epic.net.ar\/wp-content\/uploads\/2023\/11\/mercosur-5-1280x1280.jpg",720,720,true],"et-pb-image--responsive--tablet":["https:\/\/epic.net.ar\/wp-content\/uploads\/2023\/11\/mercosur-5-980x980.jpg",551,551,true],"et-pb-image--responsive--phone":["https:\/\/epic.net.ar\/wp-content\/uploads\/2023\/11\/mercosur-5-480x480.jpg",270,270,true],"woocommerce_thumbnail":["https:\/\/epic.net.ar\/wp-content\/uploads\/2023\/11\/mercosur-5-300x300.jpg",300,300,true],"woocommerce_single":["https:\/\/epic.net.ar\/wp-content\/uploads\/2023\/11\/mercosur-5-600x600.jpg",600,600,true],"woocommerce_gallery_thumbnail":["https:\/\/epic.net.ar\/wp-content\/uploads\/2023\/11\/mercosur-5-100x100.jpg",100,100,true],"dgwt-wcas-product-suggestion":["https:\/\/epic.net.ar\/wp-content\/uploads\/2023\/11\/mercosur-5-64x64.jpg",64,64,true]},"uagb_author_info":{"display_name":"epic Equipamiento Electr\u00f3nico","author_link":"https:\/\/epic.net.ar\/en\/author\/"},"uagb_comment_info":0,"uagb_excerpt":"Ahorr\u00e1 tiempo y gan\u00e1 m\u00e1s dinero con diagn\u00f3sticos r\u00e1pidos y exitosos. Un manual de CEA: informaci\u00f3n pr\u00e1ctica y de calidad. Esquemas el\u00e9ctricos de los sistemas de inyecci\u00f3n y todos los m\u00f3dulos involucrados.\u00a0 Ver veh\u00edculos abajo.","_links":{"self":[{"href":"https:\/\/epic.net.ar\/en\/wp-json\/wp\/v2\/product\/11690","targetHints":{"allow":["GET"]}}],"collection":[{"href":"https:\/\/epic.net.ar\/en\/wp-json\/wp\/v2\/product"}],"about":[{"href":"https:\/\/epic.net.ar\/en\/wp-json\/wp\/v2\/types\/product"}],"replies":[{"embeddable":true,"href":"https:\/\/epic.net.ar\/en\/wp-json\/wp\/v2\/comments?post=11690"}],"wp:featuredmedia":[{"embeddable":true,"href":"https:\/\/epic.net.ar\/en\/wp-json\/wp\/v2\/media\/11692"}],"wp:attachment":[{"href":"https:\/\/epic.net.ar\/en\/wp-json\/wp\/v2\/media?parent=11690"}],"wp:term":[{"taxonomy":"product_brand","embeddable":true,"href":"https:\/\/epic.net.ar\/en\/wp-json\/wp\/v2\/product_brand?post=11690"},{"taxonomy":"product_cat","embeddable":true,"href":"https:\/\/epic.net.ar\/en\/wp-json\/wp\/v2\/product_cat?post=11690"},{"taxonomy":"product_tag","embeddable":true,"href":"https:\/\/epic.net.ar\/en\/wp-json\/wp\/v2\/product_tag?post=11690"}],"curies":[{"name":"wp","href":"https:\/\/api.w.org\/{rel}","templated":true}]}}