{"id":11531,"date":"2023-10-06T09:29:16","date_gmt":"2023-10-06T12:29:16","guid":{"rendered":"https:\/\/epic.net.ar\/?post_type=product&#038;p=11531"},"modified":"2026-02-10T09:25:05","modified_gmt":"2026-02-10T12:25:05","slug":"scanner-autel-mx-808s","status":"publish","type":"product","link":"https:\/\/epic.net.ar\/en\/product\/scanner-autel-mx-808s\/","title":{"rendered":"Scanner AUTEL MAXICHECK MX 808S"},"content":{"rendered":"<p>Equipado con un procesador r\u00e1pido de cuatro n\u00facleos que la ofrece la m\u00e1xima practicidad para Diagn\u00f3sticos y Servicios r\u00e1pidos y con una pantalla t\u00e1ctil LCD de 7 pulgadas de resoluci\u00f3n 1024\u00d7600, que hace mucho m\u00e1s sencilla la navegaci\u00f3n a trav\u00e9s de su interfaz intuitiva, el MX808S permite diagnosticar TODOS los Sistemas a bordo, y ejecutar m\u00e1s de 36 Funciones de Servicio -incluidas EPB, TBA, IMMO, SAS, CVT, Inyectores, etc. -, adem\u00e1s de contar con aplicaciones de Administraci\u00f3n de taller que le convierten en el equipo indispensable para los t\u00e9cnicos de mantenimiento y servicios r\u00e1pidos.<\/p>\n<p>Ejecuta los 10 modos de prueba y admite el diagn\u00f3stico a TODOS LOS SISTEMAS A BORDO:\u2022 Doble memoria: 64GB Interna &amp; 4GB RAM (MicroSD Expandible hasta 64GB)<\/p>\n<p>\u2022 Wi-Fi dual de 2.4 y 5.0 GHz<br \/>\n\u2022 Cobertura excepcional del 99% del veh\u00edculo<br \/>\n\u2022 Pruebas activas con aun m\u00e1s cobertura, se encuentran en herramientas de escaneo bidireccional para que los profesionales realicen pruebas los actuadores de ABS, ventana, puerta, v\u00e1lvula solenoide, limpiaparabrisas, faros, etc. para diagn\u00f3sticos mas espec\u00edficos<br \/>\n\u2022 M\u00e1s de 28 reinicios, los mas utilizados<br \/>\n\u2022 AutoAuth para Fiat Chrysler Jeep Dodge<br \/>\n\u2022 Compatible con boroscopio\/endoscopio MV105\/108<\/p>\n<p>Motor, Transmisi\u00f3n, Frenos ABS, Bolsas de Aire SRS, Inmovilizador, Alarma, Crucero, Tablero, A\/C y Calefacci\u00f3n, Consola, Seguridad, Asientos, Iluminaci\u00f3n, Navegaci\u00f3n, C\u00e1mara, Audio, Conectividad, Media, Confort, Carrocer\u00eda, Tracci\u00f3n, Suspensi\u00f3n, Direcci\u00f3n, TPMS, Sistemas ADAS y mucho m\u00e1s\u2026<\/p>\n<p><b>CARACTER\u00cdSTICAS<\/b><strong>:<\/strong><\/p>\n<p>\u2022 Lectura y Borrado de C\u00f3digos de Falla<br \/>\n\u2022 Tecnolog\u00eda inteligente AutoVIN y AutoScan para identificar f\u00e1cil y autom\u00e1ticamente los veh\u00edculos y sus sistemas a bordo<br \/>\n\u2022 Visualizaci\u00f3n de datos en tiempo real<br \/>\n\u2022 Prueba de Actuadores<br \/>\n\u2022 Funciones de Servicio especiales para BMS\/OIL\/SAS\/EPB\/DPF\/TPMS<br \/>\n\u2022 Reset de Luz de Aceite Oil\/Service; restablece los intervalos y periodos de servicio y mantenimiento<br \/>\n\u2022 Ejecuta registro y restablecimiento de bater\u00eda BMS<br \/>\n\u2022 Servicio al filtro de part\u00edculas di\u00e9sel, incluida la regeneraci\u00f3n forzada DPF<br \/>\n\u2022 Restablece el sensor de \u00e1ngulo de direcci\u00f3n SAS<br \/>\n\u2022 Reaprendizaje grosor de pastilla de freno de estacionamiento EPB<br \/>\n\u2022 Calibraci\u00f3n de cuerpos de Aceleraci\u00f3n Electr\u00f3nicos ETB-TBA<br \/>\n\u2022 Aprendizaje sensores TPMS<br \/>\n\u2022 Apaga la Luz de advertencia de Fallas de la ECU<br \/>\n\u2022 Despliega estatus de los Monitores a bordo, resultados de pruebas a Sensor O2, Preparaci\u00f3n de Inspecci\u00f3n y Mantenimiento I\/M y pruebas de componentes OBD<br \/>\n\u2022 Imprime informes de diagn\u00f3stico mediante conexi\u00f3n a PC<\/p>\n<p>&nbsp;<\/p>\n<p><strong>ESPECIFICACIONES T\u00c9CNICAS:<\/strong><\/p>\n<p>Uso recomendado: Interiores<br \/>\nSistema operativo: Android 11.0<br \/>\nProcesador: Rockchip RK3566 de 4 n\u00facleos con 1.8 Hz (Mayor velocidad)<br \/>\nMemoria Interna: 64GB<br \/>\nPantalla: Pantalla t\u00e1ctil capacitiva LCD de 7 pulgadas con resoluci\u00f3n 1024&#215;600<br \/>\nConectividad: Mini USB 2.0; USB 2.0; Wi-Fi; Tarjeta Micro SD (soporta hasta 32GB)<br \/>\nSensores: Sensor de luz para autoajuste del brillo<br \/>\nEntrada\/Salida Audio: Entrada: N\/D; Salida: Pitido<br \/>\nAlimentaci\u00f3n y Bater\u00eda: Bater\u00eda pol\u00edmero-litio 5000 mAh<br \/>\nVida probada de Bater\u00eda: Unas 6 horas aproximadas de uso continuado<br \/>\nEntrada carga Bater\u00eda: 5V\/2 A<br \/>\nConsumo el\u00e9ctrico: 500 mA (LCD encendido con brillo predeterminado, Wifi encendido)<br \/>\nTemperatura almacenamiento: -20 a 70\u00b0C (-4 a 158\u00b0F)<br \/>\nTemperatura almacenamiento: -20 a 70\u00b0C (-4 a 158\u00b0F)<br \/>\nTemperatura funcionamiento: -10 a 60\u00b0C (14 a 140\u00b0F)<br \/>\nHumedad de funcionamiento: 5% a 95% sin condensaci\u00f3n<br \/>\nDimensiones: 237,8 mm x 148,6 mm x 35,5 mm<br \/>\nPeso neto: 788 g<br \/>\nProtocolos: ISO9141-2, ISO14230-2,ISO15765, K\/L-Line, Flashing Code, SAE-J1850 VPW, SAE-J1850PWM, ISO11898 (Highspeed, Middlespeed, Lowspeed and Singlewire CAN, fault-tolerant CAN), SAE J2610, GM UART,UART Echo Byte Protocol, Honda Diag-H Protocol, TP2.0, TP1.6<br \/>\n(CAN FD Opcional)<\/p>\n<p>&nbsp;<\/p>\n<p><strong>FUNCIONES:<\/strong><\/p>\n<p>\u2022 Lectura y Borrado de C\u00f3digos de Falla<br \/>\n\u2022 Tecnolog\u00eda inteligente AutoVIN y AutoScan para identificar f\u00e1cil y autom\u00e1ticamente los veh\u00edculos y sus sistemas a bordo<br \/>\n\u2022 Visualizaci\u00f3n de datos en tiempo real<br \/>\n\u2022 Prueba de Actuadores<br \/>\n\u2022 Funciones de Servicio especiales para BMS\/OIL\/SAS\/EPB\/DPF\/TPMS<br \/>\n\u2022 Reset de Luz de Aceite Oil\/Service; restablece los intervalos y periodos de servicio y mantenimiento<br \/>\n\u2022 Ejecuta registro y restablecimiento de bater\u00eda BMS<br \/>\n\u2022 Servicio al filtro de part\u00edculas di\u00e9sel, incluida la regeneraci\u00f3n forzada DPF<br \/>\n\u2022 Restablece el sensor de \u00e1ngulo de direcci\u00f3n SAS<br \/>\n\u2022 Reaprendizaje grosor de pastilla de freno de estacionamiento EPB<br \/>\n\u2022 Calibraci\u00f3n de cuerpos de Aceleraci\u00f3n Electr\u00f3nicos ETB-TBA<br \/>\n\u2022 Aprendizaje sensores TPMS<br \/>\n\u2022 Apaga la Luz de advertencia de Fallas de la ECU<br \/>\n\u2022 Despliega estatus de los Monitores a bordo, resultados de pruebas a Sensor O2, Preparaci\u00f3n de Inspecci\u00f3n y Mantenimiento I\/M y pruebas de componentes OBD<br \/>\n\u2022 Imprime informes de diagn\u00f3stico mediante conexi\u00f3n a PC<\/p>\n<p><strong>FUNCIONES DE SERVICIO ADICIONALES:<\/strong><\/p>\n<p>\u2022 Purga Frenos ABS<br \/>\n\u2022 Reset Bolsas Aire SRS<br \/>\n\u2022 Nivelaci\u00f3n Faros HeadLamp<br \/>\n\u2022 Corte Cilindros Cilinder<br \/>\n\u2022 Verificaci\u00f3n Od\u00f3metro Odometer<br \/>\n\u2022 Funciones INMO<br \/>\n\u2022 Codificaci\u00f3n Inyectores<br \/>\n\u2022 Ajuste Suspensi\u00f3n<br \/>\n\u2022 Configuraci\u00f3n Rodado<br \/>\n\u2022 Aprendizaje Ventanas Windows\/Roof<br \/>\n\u2022 Reset Memoria Asientos Seats<br \/>\n\u2022 Adaptaci\u00f3n Transmisi\u00f3n CVT<br \/>\n\u2022 Configuraci\u00f3n Idioma Veh\u00edculo<\/p>\n<p>&nbsp;<\/p>\n<p><strong>ESPECIFICACIONES:<\/strong><\/p>\n<p>Sistema operativo Android&#x2122; 11.0<br \/>\nProcesador Cortex-A9 (1.8 GHz)<br \/>\nMemoria 64GB<br \/>\nRAM 4GB<br \/>\nBater\u00eda de 5000 mAh : Duraci\u00f3n de aproximadamente 6 horas de uso continuado<br \/>\nPantalla t\u00e1ctil, color TFT de 7 pulgadas con resoluci\u00f3n de 1024\u00d7600<br \/>\nConectividad Mini USB 2.0 \/ USB 2.0 \/ Wi-Fi<br \/>\nDimensiones: 237,8 mm x 148,6 mm x 35,5 mm<br \/>\nPeso neto: 788 g<\/p>\n<p>&nbsp;<\/p>\n<p><strong>ACCESORIOS INCLU\u00cdDOS:<\/strong><\/p>\n<p>Adaptador alimentaci\u00f3n USB<br \/>\nCable principal<br \/>\nGu\u00eda de consulta r\u00e1pida<br \/>\nCable Mini USB<br \/>\nMalet\u00edn de transporte<\/p>","protected":false},"excerpt":{"rendered":"<p>Cuando se trata de ultra portabilidad, el MaxiCheck MX808S es su compa\u00f1ero perfecto. Con su nuevo y r\u00e1pido procesador de cuatro n\u00facleos, el MX808S ofrece m\u00e1xima comodidad y diagnosis r\u00e1pida. Su interfaz intuitiva hace que usar este dispositivo sea muy f\u00e1cil gracias a su pantalla LCD t\u00e1ctil de 7 pulgadas que muestra im\u00e1genes con resoluci\u00f3n 1024&#215;600 de alta calidad.<\/p>\n<p><strong>El modelo mantiene incluido los 3<\/strong><strong> a\u00f1os gratuitos de licencia para descarga de actualizaciones ilimitadas.<\/strong><\/p>\n<p>COBERTURA <a href=\"https:\/\/www.autel.com\/es\/vehicle-coverage\/coverage2\" target=\"_blank\" rel=\"noopener\"><strong>CLICK HERE<\/strong><\/a><\/p>","protected":false},"featured_media":10550,"comment_status":"closed","ping_status":"closed","template":"","meta":{"_et_pb_use_builder":"off","_et_pb_old_content":"Cuenta con m\u00e1s de 100 programas de diagn\u00f3stico y reparaci\u00f3n y funciona con veh\u00edculos\r\nlivianos a gasolina, di\u00e9sel, h\u00edbridos y el\u00e9ctricos OBD I y OBD II.\r\nLectura borrado fallas en: Motor, ABS, Airbag, Transmisi\u00f3n.\r\nReset: Angulo volante, Libera pastilla freno, Inmovilizador, Llaves, Filtro DPF (diesel), Service aceite, Bateria.\r\nCodifica y adapta: Cuerpo mariposa aceleraci\u00f3n, Inyectores.","_et_gb_content_width":"","_uag_custom_page_level_css":"","_joinchat":[]},"product_brand":[],"product_cat":[64,17],"product_tag":[44],"class_list":{"0":"post-11531","1":"product","2":"type-product","3":"status-publish","4":"has-post-thumbnail","6":"product_cat-novedades","7":"product_cat-scanners","8":"product_tag-autel","10":"first","11":"outofstock","12":"shipping-taxable","13":"purchasable","14":"product-type-simple","15":"add-to-wishlist-before_image"},"uagb_featured_image_src":{"full":["https:\/\/epic.net.ar\/wp-content\/uploads\/2023\/05\/autel808-1.jpg",1080,1080,false],"thumbnail":["https:\/\/epic.net.ar\/wp-content\/uploads\/2023\/05\/autel808-1-150x150.jpg",150,150,true],"medium":["https:\/\/epic.net.ar\/wp-content\/uploads\/2023\/05\/autel808-1-300x300.jpg",300,300,true],"medium_large":["https:\/\/epic.net.ar\/wp-content\/uploads\/2023\/05\/autel808-1-768x768.jpg",768,768,true],"large":["https:\/\/epic.net.ar\/wp-content\/uploads\/2023\/05\/autel808-1-1024x1024.jpg",1024,1024,true],"1536x1536":["https:\/\/epic.net.ar\/wp-content\/uploads\/2023\/05\/autel808-1.jpg",1080,1080,false],"2048x2048":["https:\/\/epic.net.ar\/wp-content\/uploads\/2023\/05\/autel808-1.jpg",1080,1080,false],"trp-custom-language-flag":["https:\/\/epic.net.ar\/wp-content\/uploads\/2023\/05\/autel808-1.jpg",12,12,false],"et-pb-post-main-image":["https:\/\/epic.net.ar\/wp-content\/uploads\/2023\/05\/autel808-1-400x250.jpg",400,250,true],"et-pb-post-main-image-fullwidth":["https:\/\/epic.net.ar\/wp-content\/uploads\/2023\/05\/autel808-1-1080x675.jpg",1080,675,true],"et-pb-portfolio-image":["https:\/\/epic.net.ar\/wp-content\/uploads\/2023\/05\/autel808-1-400x284.jpg",400,284,true],"et-pb-portfolio-module-image":["https:\/\/epic.net.ar\/wp-content\/uploads\/2023\/05\/autel808-1-510x382.jpg",510,382,true],"et-pb-portfolio-image-single":["https:\/\/epic.net.ar\/wp-content\/uploads\/2023\/05\/autel808-1.jpg",1080,1080,false],"et-pb-gallery-module-image-portrait":["https:\/\/epic.net.ar\/wp-content\/uploads\/2023\/05\/autel808-1-400x516.jpg",400,516,true],"et-pb-post-main-image-fullwidth-large":["https:\/\/epic.net.ar\/wp-content\/uploads\/2023\/05\/autel808-1.jpg",1080,1080,false],"et-pb-image--responsive--desktop":["https:\/\/epic.net.ar\/wp-content\/uploads\/2023\/05\/autel808-1.jpg",720,720,false],"et-pb-image--responsive--tablet":["https:\/\/epic.net.ar\/wp-content\/uploads\/2023\/05\/autel808-1-980x980.jpg",551,551,true],"et-pb-image--responsive--phone":["https:\/\/epic.net.ar\/wp-content\/uploads\/2023\/05\/autel808-1-480x480.jpg",270,270,true],"woocommerce_thumbnail":["https:\/\/epic.net.ar\/wp-content\/uploads\/2023\/05\/autel808-1-300x300.jpg",300,300,true],"woocommerce_single":["https:\/\/epic.net.ar\/wp-content\/uploads\/2023\/05\/autel808-1-600x600.jpg",600,600,true],"woocommerce_gallery_thumbnail":["https:\/\/epic.net.ar\/wp-content\/uploads\/2023\/05\/autel808-1-100x100.jpg",100,100,true],"dgwt-wcas-product-suggestion":["https:\/\/epic.net.ar\/wp-content\/uploads\/2023\/05\/autel808-1-64x64.jpg",64,64,true]},"uagb_author_info":{"display_name":"epic Equipamiento Electr\u00f3nico","author_link":"https:\/\/epic.net.ar\/en\/author\/"},"uagb_comment_info":0,"uagb_excerpt":"Cuando se trata de ultra portabilidad, el MaxiCheck MX808S es su compa\u00f1ero perfecto. Con su nuevo y r\u00e1pido procesador de cuatro n\u00facleos, el MX808S ofrece m\u00e1xima comodidad y diagnosis r\u00e1pida. Su interfaz intuitiva hace que usar este dispositivo sea muy f\u00e1cil gracias a su pantalla LCD t\u00e1ctil de 7 pulgadas que muestra im\u00e1genes con resoluci\u00f3n&hellip;","_links":{"self":[{"href":"https:\/\/epic.net.ar\/en\/wp-json\/wp\/v2\/product\/11531","targetHints":{"allow":["GET"]}}],"collection":[{"href":"https:\/\/epic.net.ar\/en\/wp-json\/wp\/v2\/product"}],"about":[{"href":"https:\/\/epic.net.ar\/en\/wp-json\/wp\/v2\/types\/product"}],"replies":[{"embeddable":true,"href":"https:\/\/epic.net.ar\/en\/wp-json\/wp\/v2\/comments?post=11531"}],"wp:featuredmedia":[{"embeddable":true,"href":"https:\/\/epic.net.ar\/en\/wp-json\/wp\/v2\/media\/10550"}],"wp:attachment":[{"href":"https:\/\/epic.net.ar\/en\/wp-json\/wp\/v2\/media?parent=11531"}],"wp:term":[{"taxonomy":"product_brand","embeddable":true,"href":"https:\/\/epic.net.ar\/en\/wp-json\/wp\/v2\/product_brand?post=11531"},{"taxonomy":"product_cat","embeddable":true,"href":"https:\/\/epic.net.ar\/en\/wp-json\/wp\/v2\/product_cat?post=11531"},{"taxonomy":"product_tag","embeddable":true,"href":"https:\/\/epic.net.ar\/en\/wp-json\/wp\/v2\/product_tag?post=11531"}],"curies":[{"name":"wp","href":"https:\/\/api.w.org\/{rel}","templated":true}]}}