{"id":11418,"date":"2023-08-28T10:38:40","date_gmt":"2023-08-28T13:38:40","guid":{"rendered":"https:\/\/epic.net.ar\/?post_type=product&#038;p=11418"},"modified":"2025-07-14T11:54:48","modified_gmt":"2025-07-14T14:54:48","slug":"limpiacontactos-contacmatic-super-verde-230cc-225g","status":"publish","type":"product","link":"https:\/\/epic.net.ar\/en\/product\/limpiacontactos-contacmatic-super-verde-230cc-225g\/","title":{"rendered":"Limpiacontactos Contacmatic super verde 230cc \/ 225g"},"content":{"rendered":"<p>Contacmatic Super Verde<\/p>\n<p>Poderoso limpia-contactos y desengrasante de alta pureza ideal para electr\u00f3nica automotriz.\u00a0 Penetra r\u00e1pidamente y remueve los contaminantes m\u00e1s dif\u00edciles.<\/p>\n<p>Puede utilizarse en equipos en funcionamiento, ya que no es conductor.<\/p>\n<p>De veloz evaporaci\u00f3n, no deja residuos ni humedad.<\/p>\n<p>Propelente responsable: CO2 para cuidar el medio ambiente.<\/p>\n<p>Recomendado para la limpieza de conectores de computaci\u00f3n, micro-rel\u00e9s, cabezales magn\u00e9ticos, borneras, instrumental, mecanismos de precisi\u00f3n,etc.<\/p>\n<p>450gr.<\/p>","protected":false},"excerpt":{"rendered":"<h3>SOLO RETIRO EN EL LOCAL.<br \/>\nNO SE ENV\u00cdA ESTE PRODUCTO.<\/h3>\n<p>Limpiador de contactos ideal para electr\u00f3nica automotriz.<\/p>\n<ul>\n<li>Poderoso desengrasante<\/li>\n<li>No da\u00f1a componentes en funcionamiento<\/li>\n<li>No deja residuos ni humedad<\/li>\n<li>Cuida medio ambiente.<\/li>\n<\/ul>","protected":false},"featured_media":11419,"comment_status":"closed","ping_status":"closed","template":"","meta":{"_et_pb_use_builder":"","_et_pb_old_content":"","_et_gb_content_width":"","_uag_custom_page_level_css":"","_joinchat":[]},"product_brand":[],"product_cat":[29,25,15,28],"product_tag":[120],"class_list":{"0":"post-11418","1":"product","2":"type-product","3":"status-publish","4":"has-post-thumbnail","6":"product_cat-insumos","7":"product_cat-otros","8":"product_cat-sin-categorizar","9":"product_cat-taller","10":"product_tag-delta","12":"first","13":"outofstock","14":"shipping-taxable","15":"purchasable","16":"product-type-simple","17":"add-to-wishlist-before_image"},"uagb_featured_image_src":{"full":["https:\/\/epic.net.ar\/wp-content\/uploads\/2023\/08\/contactmatic.jpg",1080,1080,false],"thumbnail":["https:\/\/epic.net.ar\/wp-content\/uploads\/2023\/08\/contactmatic-150x150.jpg",150,150,true],"medium":["https:\/\/epic.net.ar\/wp-content\/uploads\/2023\/08\/contactmatic-300x300.jpg",300,300,true],"medium_large":["https:\/\/epic.net.ar\/wp-content\/uploads\/2023\/08\/contactmatic-768x768.jpg",768,768,true],"large":["https:\/\/epic.net.ar\/wp-content\/uploads\/2023\/08\/contactmatic-1024x1024.jpg",1024,1024,true],"1536x1536":["https:\/\/epic.net.ar\/wp-content\/uploads\/2023\/08\/contactmatic.jpg",1080,1080,false],"2048x2048":["https:\/\/epic.net.ar\/wp-content\/uploads\/2023\/08\/contactmatic.jpg",1080,1080,false],"trp-custom-language-flag":["https:\/\/epic.net.ar\/wp-content\/uploads\/2023\/08\/contactmatic.jpg",12,12,false],"et-pb-post-main-image":["https:\/\/epic.net.ar\/wp-content\/uploads\/2023\/08\/contactmatic-400x250.jpg",400,250,true],"et-pb-post-main-image-fullwidth":["https:\/\/epic.net.ar\/wp-content\/uploads\/2023\/08\/contactmatic-1080x675.jpg",1080,675,true],"et-pb-portfolio-image":["https:\/\/epic.net.ar\/wp-content\/uploads\/2023\/08\/contactmatic-400x284.jpg",400,284,true],"et-pb-portfolio-module-image":["https:\/\/epic.net.ar\/wp-content\/uploads\/2023\/08\/contactmatic-510x382.jpg",510,382,true],"et-pb-portfolio-image-single":["https:\/\/epic.net.ar\/wp-content\/uploads\/2023\/08\/contactmatic.jpg",1080,1080,false],"et-pb-gallery-module-image-portrait":["https:\/\/epic.net.ar\/wp-content\/uploads\/2023\/08\/contactmatic-400x516.jpg",400,516,true],"et-pb-post-main-image-fullwidth-large":["https:\/\/epic.net.ar\/wp-content\/uploads\/2023\/08\/contactmatic.jpg",1080,1080,false],"et-pb-image--responsive--desktop":["https:\/\/epic.net.ar\/wp-content\/uploads\/2023\/08\/contactmatic.jpg",720,720,false],"et-pb-image--responsive--tablet":["https:\/\/epic.net.ar\/wp-content\/uploads\/2023\/08\/contactmatic-980x980.jpg",551,551,true],"et-pb-image--responsive--phone":["https:\/\/epic.net.ar\/wp-content\/uploads\/2023\/08\/contactmatic-480x480.jpg",270,270,true],"woocommerce_thumbnail":["https:\/\/epic.net.ar\/wp-content\/uploads\/2023\/08\/contactmatic-300x300.jpg",300,300,true],"woocommerce_single":["https:\/\/epic.net.ar\/wp-content\/uploads\/2023\/08\/contactmatic-600x600.jpg",600,600,true],"woocommerce_gallery_thumbnail":["https:\/\/epic.net.ar\/wp-content\/uploads\/2023\/08\/contactmatic-100x100.jpg",100,100,true],"dgwt-wcas-product-suggestion":["https:\/\/epic.net.ar\/wp-content\/uploads\/2023\/08\/contactmatic-64x64.jpg",64,64,true]},"uagb_author_info":{"display_name":"epic Equipamiento Electr\u00f3nico","author_link":"https:\/\/epic.net.ar\/en\/author\/"},"uagb_comment_info":0,"uagb_excerpt":"SOLO RETIRO EN EL LOCAL. NO SE ENV\u00cdA ESTE PRODUCTO. Limpiador de contactos ideal para electr\u00f3nica automotriz. Poderoso desengrasante No da\u00f1a componentes en funcionamiento No deja residuos ni humedad Cuida medio ambiente.","_links":{"self":[{"href":"https:\/\/epic.net.ar\/en\/wp-json\/wp\/v2\/product\/11418","targetHints":{"allow":["GET"]}}],"collection":[{"href":"https:\/\/epic.net.ar\/en\/wp-json\/wp\/v2\/product"}],"about":[{"href":"https:\/\/epic.net.ar\/en\/wp-json\/wp\/v2\/types\/product"}],"replies":[{"embeddable":true,"href":"https:\/\/epic.net.ar\/en\/wp-json\/wp\/v2\/comments?post=11418"}],"wp:featuredmedia":[{"embeddable":true,"href":"https:\/\/epic.net.ar\/en\/wp-json\/wp\/v2\/media\/11419"}],"wp:attachment":[{"href":"https:\/\/epic.net.ar\/en\/wp-json\/wp\/v2\/media?parent=11418"}],"wp:term":[{"taxonomy":"product_brand","embeddable":true,"href":"https:\/\/epic.net.ar\/en\/wp-json\/wp\/v2\/product_brand?post=11418"},{"taxonomy":"product_cat","embeddable":true,"href":"https:\/\/epic.net.ar\/en\/wp-json\/wp\/v2\/product_cat?post=11418"},{"taxonomy":"product_tag","embeddable":true,"href":"https:\/\/epic.net.ar\/en\/wp-json\/wp\/v2\/product_tag?post=11418"}],"curies":[{"name":"wp","href":"https:\/\/api.w.org\/{rel}","templated":true}]}}