{"id":11198,"date":"2023-07-17T12:51:41","date_gmt":"2023-07-17T15:51:41","guid":{"rendered":"https:\/\/epic.net.ar\/?post_type=product&#038;p=11198"},"modified":"2026-04-08T10:38:14","modified_gmt":"2026-04-08T13:38:14","slug":"estacion-de-soldar-smd-y-tipo-lapiz-fullenergy","status":"publish","type":"product","link":"https:\/\/epic.net.ar\/en\/product\/estacion-de-soldar-smd-y-tipo-lapiz-fullenergy\/","title":{"rendered":"Estaci\u00f3n De Soldar Smd Y Tipo L\u00e1piz Fullenergy HY 908"},"content":{"rendered":"<p>Voltaje de alimentaci\u00f3n 220V-240Vca, 50Hz<br \/>\nPotencia 50W<br \/>\nRegulaci\u00f3n de temperatura 200\u00baC a 480\u00baC<br \/>\nVoltaje del calefactor 24VCC<br \/>\nTipo de bomba Bomba de diafragma<br \/>\nCapacidad de aire 23L\/min.(M\u00e1ximo)<br \/>\nTemperatura del aire caliente 100\u00baC a 420\u00baC<br \/>\nLargo del cable 1,2Mt<br \/>\nPeso 4Kgs<\/p>","protected":false},"excerpt":{"rendered":"<p>Estaci\u00f3n de soldar combinada, integra soldador tipo l\u00e1piz y soldador de aire caliente (ideal para componentes SMD) con regulaci\u00f3n de caudal de aire y regulaci\u00f3n de temperatura. Incluye 4 puntas intercambiables para el soldador de aire caliente.<\/p>","protected":false},"featured_media":11199,"comment_status":"closed","ping_status":"closed","template":"","meta":{"_et_pb_use_builder":"","_et_pb_old_content":"","_et_gb_content_width":"","_uag_custom_page_level_css":"","_joinchat":[]},"product_brand":[],"product_cat":[21,27],"product_tag":[87],"class_list":{"0":"post-11198","1":"product","2":"type-product","3":"status-publish","4":"has-post-thumbnail","6":"product_cat-instrumental-electronico","7":"product_cat-laboratorio","8":"product_tag-fullenergy","10":"first","11":"instock","12":"shipping-taxable","13":"purchasable","14":"product-type-simple","15":"add-to-wishlist-before_image"},"uagb_featured_image_src":{"full":["https:\/\/epic.net.ar\/wp-content\/uploads\/2023\/07\/marca-de-agua.jpg",1080,1080,false],"thumbnail":["https:\/\/epic.net.ar\/wp-content\/uploads\/2023\/07\/marca-de-agua-150x150.jpg",150,150,true],"medium":["https:\/\/epic.net.ar\/wp-content\/uploads\/2023\/07\/marca-de-agua-300x300.jpg",300,300,true],"medium_large":["https:\/\/epic.net.ar\/wp-content\/uploads\/2023\/07\/marca-de-agua-768x768.jpg",768,768,true],"large":["https:\/\/epic.net.ar\/wp-content\/uploads\/2023\/07\/marca-de-agua-1024x1024.jpg",1024,1024,true],"1536x1536":["https:\/\/epic.net.ar\/wp-content\/uploads\/2023\/07\/marca-de-agua.jpg",1080,1080,false],"2048x2048":["https:\/\/epic.net.ar\/wp-content\/uploads\/2023\/07\/marca-de-agua.jpg",1080,1080,false],"trp-custom-language-flag":["https:\/\/epic.net.ar\/wp-content\/uploads\/2023\/07\/marca-de-agua.jpg",12,12,false],"et-pb-post-main-image":["https:\/\/epic.net.ar\/wp-content\/uploads\/2023\/07\/marca-de-agua-400x250.jpg",400,250,true],"et-pb-post-main-image-fullwidth":["https:\/\/epic.net.ar\/wp-content\/uploads\/2023\/07\/marca-de-agua-1080x675.jpg",1080,675,true],"et-pb-portfolio-image":["https:\/\/epic.net.ar\/wp-content\/uploads\/2023\/07\/marca-de-agua-400x284.jpg",400,284,true],"et-pb-portfolio-module-image":["https:\/\/epic.net.ar\/wp-content\/uploads\/2023\/07\/marca-de-agua-510x382.jpg",510,382,true],"et-pb-portfolio-image-single":["https:\/\/epic.net.ar\/wp-content\/uploads\/2023\/07\/marca-de-agua.jpg",1080,1080,false],"et-pb-gallery-module-image-portrait":["https:\/\/epic.net.ar\/wp-content\/uploads\/2023\/07\/marca-de-agua-400x516.jpg",400,516,true],"et-pb-post-main-image-fullwidth-large":["https:\/\/epic.net.ar\/wp-content\/uploads\/2023\/07\/marca-de-agua.jpg",1080,1080,false],"et-pb-image--responsive--desktop":["https:\/\/epic.net.ar\/wp-content\/uploads\/2023\/07\/marca-de-agua.jpg",720,720,false],"et-pb-image--responsive--tablet":["https:\/\/epic.net.ar\/wp-content\/uploads\/2023\/07\/marca-de-agua-980x980.jpg",551,551,true],"et-pb-image--responsive--phone":["https:\/\/epic.net.ar\/wp-content\/uploads\/2023\/07\/marca-de-agua-480x480.jpg",270,270,true],"woocommerce_thumbnail":["https:\/\/epic.net.ar\/wp-content\/uploads\/2023\/07\/marca-de-agua-300x300.jpg",300,300,true],"woocommerce_single":["https:\/\/epic.net.ar\/wp-content\/uploads\/2023\/07\/marca-de-agua-600x600.jpg",600,600,true],"woocommerce_gallery_thumbnail":["https:\/\/epic.net.ar\/wp-content\/uploads\/2023\/07\/marca-de-agua-100x100.jpg",100,100,true],"dgwt-wcas-product-suggestion":["https:\/\/epic.net.ar\/wp-content\/uploads\/2023\/07\/marca-de-agua-64x64.jpg",64,64,true]},"uagb_author_info":{"display_name":"epic Equipamiento Electr\u00f3nico","author_link":"https:\/\/epic.net.ar\/en\/author\/"},"uagb_comment_info":0,"uagb_excerpt":"Estaci\u00f3n de soldar combinada, integra soldador tipo l\u00e1piz y soldador de aire caliente (ideal para componentes SMD) con regulaci\u00f3n de caudal de aire y regulaci\u00f3n de temperatura. Incluye 4 puntas intercambiables para el soldador de aire caliente.","_links":{"self":[{"href":"https:\/\/epic.net.ar\/en\/wp-json\/wp\/v2\/product\/11198","targetHints":{"allow":["GET"]}}],"collection":[{"href":"https:\/\/epic.net.ar\/en\/wp-json\/wp\/v2\/product"}],"about":[{"href":"https:\/\/epic.net.ar\/en\/wp-json\/wp\/v2\/types\/product"}],"replies":[{"embeddable":true,"href":"https:\/\/epic.net.ar\/en\/wp-json\/wp\/v2\/comments?post=11198"}],"wp:featuredmedia":[{"embeddable":true,"href":"https:\/\/epic.net.ar\/en\/wp-json\/wp\/v2\/media\/11199"}],"wp:attachment":[{"href":"https:\/\/epic.net.ar\/en\/wp-json\/wp\/v2\/media?parent=11198"}],"wp:term":[{"taxonomy":"product_brand","embeddable":true,"href":"https:\/\/epic.net.ar\/en\/wp-json\/wp\/v2\/product_brand?post=11198"},{"taxonomy":"product_cat","embeddable":true,"href":"https:\/\/epic.net.ar\/en\/wp-json\/wp\/v2\/product_cat?post=11198"},{"taxonomy":"product_tag","embeddable":true,"href":"https:\/\/epic.net.ar\/en\/wp-json\/wp\/v2\/product_tag?post=11198"}],"curies":[{"name":"wp","href":"https:\/\/api.w.org\/{rel}","templated":true}]}}