{"id":11983,"date":"2023-12-04T13:50:05","date_gmt":"2023-12-04T16:50:05","guid":{"rendered":"https:\/\/epic.net.ar\/?page_id=11983"},"modified":"2026-03-25T10:00:23","modified_gmt":"2026-03-25T13:00:23","slug":"servicios","status":"publish","type":"page","link":"https:\/\/epic.net.ar\/en\/servicios\/","title":{"rendered":"Services"},"content":{"rendered":"<p>[et_pb_section fb_built=\u00bb1&#8243; _builder_version=\u00bb4.27.6&#8243; _module_preset=\u00bbdefault\u00bb background_color=\u00bbgcid-859f5a9a-a505-4398-8dd1-e47f290c832d\u00bb custom_margin=\u00bb-2px||0px||false|false\u00bb custom_padding=\u00bb0px||10px||false|false\u00bb bottom_divider_repeat=\u00bb1x\u00bb global_colors_info=\u00bb{%22gcid-7fe1fa0f-05c6-4fca-82df-a7ff60839990%22:%91%22background_color_gradient_stops%22%93,%22gcid-859f5a9a-a505-4398-8dd1-e47f290c832d%22:%91%22background_color_gradient_stops%22,%22background_color%22%93}\u00bb theme_builder_area=\u00bbpost_content\u00bb][et_pb_row custom_padding_last_edited=\u00bbon|phone\u00bb _builder_version=\u00bb4.27.6&#8243; _module_preset=\u00bbdefault\u00bb custom_margin=\u00bb0px||0px||false|false\u00bb custom_padding=\u00bb10px||10px||true|false\u00bb custom_padding_tablet=\u00bb10px||10px||true|false\u00bb custom_padding_phone=\u00bb0px||5px||false|false\u00bb global_colors_info=\u00bb{}\u00bb theme_builder_area=\u00bbpost_content\u00bb][et_pb_column type=\u00bb4_4&#8243; _builder_version=\u00bb4.27.6&#8243; _module_preset=\u00bbdefault\u00bb global_colors_info=\u00bb{}\u00bb theme_builder_area=\u00bbpost_content\u00bb][et_pb_text _builder_version=\u00bb4.27.6&#8243; _dynamic_attributes=\u00bbcontent\u00bb _module_preset=\u00bbdefault\u00bb text_font=\u00bbRoboto||||||||\u00bb text_text_color=\u00bb#FFFFFF\u00bb text_font_size=\u00bb28px\u00bb custom_margin=\u00bb0px||0px||false|false\u00bb custom_padding=\u00bb0px||0px||false|false\u00bb global_colors_info=\u00bb{}\u00bb theme_builder_area=\u00bbpost_content\u00bb]@ET-DC@eyJkeW5hbWljIjp0cnVlLCJjb250ZW50IjoicG9zdF90aXRsZSIsInNldHRpbmdzIjp7ImJlZm9yZSI6IiIsImFmdGVyIjoiIn19@[\/et_pb_text][\/et_pb_column][\/et_pb_row][\/et_pb_section][et_pb_section fb_built=\u00bb1&#8243; admin_label=\u00bbsection\u00bb _builder_version=\u00bb4.22.2&#8243; custom_margin=\u00bb0px||||false|false\u00bb custom_padding=\u00bb0px||50px||false|false\u00bb global_colors_info=\u00bb{}\u00bb][et_pb_row padding_top_bottom_link_1=\u00bbtrue\u00bb padding_top_bottom_link_2=\u00bbfalse\u00bb padding_left_right_link_1=\u00bbtrue\u00bb _builder_version=\u00bb4.22.2&#8243; _module_preset=\u00bbdefault\u00bb background_enable_color=\u00bboff\u00bb background_enable_image=\u00bboff\u00bb width_tablet=\u00bb90%\u00bb width_phone=\u00bb90%\u00bb width_last_edited=\u00bbon|tablet\u00bb module_alignment=\u00bbcenter\u00bb min_height_tablet=\u00bb\u00bb min_height_phone=\u00bb\u00bb min_height_last_edited=\u00bbon|phone\u00bb custom_margin=\u00bb25px||0px||false|false\u00bb custom_margin_tablet=\u00bb||25px||false|false\u00bb custom_margin_phone=\u00bb||25px||false|false\u00bb custom_margin_last_edited=\u00bbon|desktop\u00bb custom_padding=\u00bb25px|15px|25px|15px|false|true\u00bb custom_css_main_element=\u00bbdisplay: flex;||flex-direction: column;\u00bb border_radii_tablet=\u00bbon|20px|20px|20px|20px\u00bb border_radii_phone=\u00bbon|10px|10px|10px|10px\u00bb border_radii_last_edited=\u00bbon|phone\u00bb global_colors_info=\u00bb{}\u00bb][et_pb_column type=\u00bb4_4&#8243; _builder_version=\u00bb4.22.2&#8243; _module_preset=\u00bbdefault\u00bb global_colors_info=\u00bb{}\u00bb][et_pb_text _builder_version=\u00bb4.23.1&#8243; _module_preset=\u00bbdefault\u00bb text_font=\u00bb|700|||||||\u00bb header_3_font=\u00bb|700|||||||\u00bb header_3_text_align=\u00bbleft\u00bb header_3_letter_spacing=\u00bb-1px\u00bb header_3_line_height=\u00bb1.5em\u00bb text_orientation=\u00bbleft\u00bb global_colors_info=\u00bb{}\u00bb]<\/p>\n<h3><strong>\u00bfQuer\u00e9s capacitarte para perfeccionar hoy tu trabajo del ma\u00f1ana?<\/strong><\/h3>\n<p>Capacitate con profesionales de excelencia. No te pierdas la oportunidad de aprender de la mano de t\u00e9cnicos e ingenieros que han perfeccionado sus conocimientos hasta volverse referentes en sus rubros.<\/p>\n<p>[\/et_pb_text][\/et_pb_column][\/et_pb_row][et_pb_row make_equal=\u00bbon\u00bb padding_top_bottom_link_1=\u00bbtrue\u00bb padding_top_bottom_link_2=\u00bbfalse\u00bb padding_left_right_link_1=\u00bbtrue\u00bb _builder_version=\u00bb4.23.4&#8243; background_enable_color=\u00bboff\u00bb use_background_color_gradient=\u00bbon\u00bb background_color_gradient_direction=\u00bb150deg\u00bb background_color_gradient_stops=\u00bb#000000 0%|rgba(255,255,255,0) 69%\u00bb background_color_gradient_overlays_image=\u00bbon\u00bb background_image=\u00bbhttps:\/\/epic.net.ar\/wp-content\/uploads\/2023\/11\/capacitaciones.jpg\u00bb width_tablet=\u00bb90%\u00bb width_phone=\u00bb90%\u00bb width_last_edited=\u00bbon|tablet\u00bb module_alignment=\u00bbcenter\u00bb min_height=\u00bb400px\u00bb min_height_tablet=\u00bb\u00bb min_height_phone=\u00bb\u00bb min_height_last_edited=\u00bbon|phone\u00bb custom_margin=\u00bb||30px||false|false\u00bb custom_margin_tablet=\u00bb||30px||false|false\u00bb custom_margin_phone=\u00bb||30px||false|false\u00bb custom_margin_last_edited=\u00bbon|phone\u00bb custom_padding=\u00bb0px|0px|0px|0px|true|true\u00bb custom_css_main_element=\u00bbdisplay: flex;||flex-direction: column;\u00bb border_radii=\u00bbon|20px|20px|20px|20px\u00bb border_radii_tablet=\u00bbon|20px|20px|20px|20px\u00bb border_radii_phone=\u00bbon|10px|10px|10px|10px\u00bb border_radii_last_edited=\u00bbon|phone\u00bb custom_width_px__hover=\u00bb1080px\u00bb custom_width_px__hover_enabled=\u00bb1080px\u00bb custom_width_percent__hover=\u00bb80%\u00bb custom_width_percent__hover_enabled=\u00bb80%\u00bb global_colors_info=\u00bb{}\u00bb make_fullwidth__hover=\u00bboff\u00bb make_fullwidth__hover_enabled=\u00bboff\u00bb use_custom_width__hover=\u00bboff\u00bb use_custom_width__hover_enabled=\u00bboff\u00bb width_unit__hover=\u00bbon\u00bb width_unit__hover_enabled=\u00bbon\u00bb use_custom_gutter__hover=\u00bboff\u00bb use_custom_gutter__hover_enabled=\u00bboff\u00bb gutter_width__hover=\u00bb3&#8243; gutter_width__hover_enabled=\u00bb3&#8243; make_equal__hover=\u00bboff\u00bb make_equal__hover_enabled=\u00bboff\u00bb][et_pb_column type=\u00bb4_4&#8243; _builder_version=\u00bb4.22.2&#8243; background_enable_image=\u00bboff\u00bb custom_padding=\u00bb15px|15px|15px|15px|true|true\u00bb custom_padding_tablet=\u00bb|30px||30px|true|true\u00bb custom_padding_phone=\u00bb30px||30px||true|true\u00bb custom_padding_last_edited=\u00bbon|desktop\u00bb global_colors_info=\u00bb{}\u00bb padding_phone=\u00bb|||\u00bb padding_tablet=\u00bb30px|30px|30px|30px|true|true\u00bb padding_last_edited=\u00bbon|phone\u00bb custom_padding__hover=\u00bb|||\u00bb][et_pb_text disabled_on=\u00bboff|off|off\u00bb admin_label=\u00bbtest admin\u00bb _builder_version=\u00bb4.23.4&#8243; text_font=\u00bbRoboto|900|||||||\u00bb text_font_size=\u00bb65px\u00bb text_line_height=\u00bb1.2em\u00bb header_font=\u00bb||||||||\u00bb header_3_font=\u00bbRoboto|500|||||||\u00bb header_3_text_align=\u00bbleft\u00bb header_3_font_size=\u00bb28px\u00bb header_3_line_height=\u00bb1.1em\u00bb background_layout=\u00bbdark\u00bb custom_margin=\u00bb||\u00bb custom_margin_tablet=\u00bb||\u00bb custom_margin_phone=\u00bb-15px|||-15px|false|false\u00bb custom_margin_last_edited=\u00bbon|phone\u00bb custom_padding=\u00bb||||false|false\u00bb text_font_size_tablet=\u00bb55px\u00bb text_font_size_phone=\u00bb45px\u00bb text_font_size_last_edited=\u00bbon|phone\u00bb header_3_font_size_tablet=\u00bb30px\u00bb header_3_font_size_phone=\u00bb20px\u00bb header_3_font_size_last_edited=\u00bbon|phone\u00bb locked=\u00bboff\u00bb global_colors_info=\u00bb{}\u00bb header_3_font_size__hover=\u00bb22px\u00bb header_3_font_size__hover_enabled=\u00bb22px\u00bb header_3_letter_spacing__hover=\u00bb0px\u00bb header_3_letter_spacing__hover_enabled=\u00bb0px\u00bb header_3_line_height__hover=\u00bb1em\u00bb header_3_line_height__hover_enabled=\u00bb1em\u00bb header_3_text_shadow_style__hover=\u00bbnone\u00bb header_3_text_shadow_style__hover_enabled=\u00bbnone\u00bb header_3_text_shadow_color__hover=\u00bbrgba(0,0,0,0.4)\u00bb header_3_text_shadow_color__hover_enabled=\u00bbrgba(0,0,0,0.4)\u00bb header_6_font_size__hover=\u00bb14px\u00bb header_6_font_size__hover_enabled=\u00bb14px\u00bb header_6_letter_spacing__hover=\u00bb0px\u00bb header_6_letter_spacing__hover_enabled=\u00bb0px\u00bb header_6_line_height__hover=\u00bb1em\u00bb header_6_line_height__hover_enabled=\u00bb1em\u00bb header_6_text_shadow_style__hover=\u00bbnone\u00bb header_6_text_shadow_style__hover_enabled=\u00bbnone\u00bb header_6_text_shadow_color__hover=\u00bbrgba(0,0,0,0.4)\u00bb header_6_text_shadow_color__hover_enabled=\u00bbrgba(0,0,0,0.4)\u00bb header_4_font_size__hover=\u00bb18px\u00bb header_4_font_size__hover_enabled=\u00bb18px\u00bb header_4_letter_spacing__hover=\u00bb0px\u00bb header_4_letter_spacing__hover_enabled=\u00bb0px\u00bb header_4_line_height__hover=\u00bb1em\u00bb header_4_line_height__hover_enabled=\u00bb1em\u00bb header_4_text_shadow_style__hover=\u00bbnone\u00bb header_4_text_shadow_style__hover_enabled=\u00bbnone\u00bb header_4_text_shadow_color__hover=\u00bbrgba(0,0,0,0.4)\u00bb header_4_text_shadow_color__hover_enabled=\u00bbrgba(0,0,0,0.4)\u00bb]<\/p>\n<h3>Capacitaciones<\/h3>\n<p>[\/et_pb_text][et_pb_button button_url=\u00bbhttps:\/\/ceacapacitacion.com\/\u00bb url_new_window=\u00bbon\u00bb button_text=\u00bbIr al sitio\u00bb button_alignment=\u00bbright\u00bb disabled_on=\u00bboff|off|off\u00bb _builder_version=\u00bb4.23.4&#8243; button_text_color=\u00bbgcid-63b8aee9-9fe4-437e-82b9-c1b8f0abbf10&#8243; button_bg_color=\u00bbgcid-7fe1fa0f-05c6-4fca-82df-a7ff60839990&#8243; button_border_color=\u00bbrgba(0,0,0,0)\u00bb button_border_radius=\u00bb10px\u00bb button_font=\u00bb|700|||||||\u00bb custom_margin=\u00bb270px||||false|false\u00bb custom_margin_tablet=\u00bb240px||||false|false\u00bb custom_margin_phone=\u00bb100px|-15px|-15px||false|false\u00bb custom_margin_last_edited=\u00bbon|tablet\u00bb custom_padding=\u00bb10px|80px|9px|80px|false|true\u00bb custom_padding_tablet=\u00bb8px|60px|8px|60px|true|true\u00bb custom_padding_phone=\u00bb5px|25px|5px|25px|true|true\u00bb custom_padding_last_edited=\u00bbon|desktop\u00bb locked=\u00bboff\u00bb global_colors_info=\u00bb{%22gcid-63b8aee9-9fe4-437e-82b9-c1b8f0abbf10%22:%91%22button_text_color%22%93,%22gcid-7fe1fa0f-05c6-4fca-82df-a7ff60839990%22:%91%22button_bg_color%22%93}\u00bb button_border_width__hover=\u00bb2px\u00bb button_border_color__hover=\u00bbRGBA(255,255,255,0)\u00bb button_border_radius__hover_enabled=\u00bbon|hover\u00bb button_border_radius__hover=\u00bb10px\u00bb button_bg_color__hover=\u00bb#be0000&#8243; button_text_size__hover_enabled=\u00bbon|desktop\u00bb][\/et_pb_button][\/et_pb_column][\/et_pb_row][et_pb_row padding_top_bottom_link_1=\u00bbtrue\u00bb padding_top_bottom_link_2=\u00bbfalse\u00bb padding_left_right_link_1=\u00bbtrue\u00bb _builder_version=\u00bb4.22.2&#8243; _module_preset=\u00bbdefault\u00bb background_enable_color=\u00bboff\u00bb background_enable_image=\u00bboff\u00bb width_tablet=\u00bb90%\u00bb width_phone=\u00bb90%\u00bb width_last_edited=\u00bbon|tablet\u00bb module_alignment=\u00bbcenter\u00bb min_height_tablet=\u00bb\u00bb min_height_phone=\u00bb\u00bb min_height_last_edited=\u00bbon|phone\u00bb custom_margin=\u00bb25px||0px||false|false\u00bb custom_margin_tablet=\u00bb||25px||false|false\u00bb custom_margin_phone=\u00bb||25px||false|false\u00bb custom_margin_last_edited=\u00bbon|desktop\u00bb custom_padding=\u00bb25px|15px|25px|15px|false|true\u00bb custom_css_main_element=\u00bbdisplay: flex;||flex-direction: column;\u00bb border_radii_tablet=\u00bbon|20px|20px|20px|20px\u00bb border_radii_phone=\u00bbon|10px|10px|10px|10px\u00bb border_radii_last_edited=\u00bbon|phone\u00bb global_colors_info=\u00bb{}\u00bb][et_pb_column type=\u00bb4_4&#8243; _builder_version=\u00bb4.22.2&#8243; _module_preset=\u00bbdefault\u00bb global_colors_info=\u00bb{}\u00bb][et_pb_text _builder_version=\u00bb4.22.2&#8243; _module_preset=\u00bbdefault\u00bb text_font=\u00bb|700|||||||\u00bb header_3_font=\u00bb|700|||||||\u00bb header_3_text_align=\u00bbleft\u00bb header_3_letter_spacing=\u00bb-1px\u00bb header_3_line_height=\u00bb1.5em\u00bb text_orientation=\u00bbleft\u00bb global_colors_info=\u00bb{}\u00bb]<\/p>\n<h3><strong>\u00bfNecesitas ayuda para reparar m\u00f3dulos de electr\u00f3nica automotriz?<\/strong><\/h3>\n<p>Formamos parte de una red de t\u00e9cnicos especializados en electr\u00f3nica automotriz para resolver cualquier desaf\u00edo.[\/et_pb_text][\/et_pb_column][\/et_pb_row][et_pb_row make_equal=\u00bbon\u00bb padding_top_bottom_link_1=\u00bbtrue\u00bb padding_top_bottom_link_2=\u00bbfalse\u00bb padding_left_right_link_1=\u00bbtrue\u00bb _builder_version=\u00bb4.22.2&#8243; background_enable_color=\u00bboff\u00bb use_background_color_gradient=\u00bbon\u00bb background_color_gradient_direction=\u00bb150deg\u00bb background_color_gradient_stops=\u00bb#000000 0%|rgba(255,255,255,0) 69%\u00bb background_color_gradient_overlays_image=\u00bbon\u00bb background_image=\u00bbhttps:\/\/epic.net.ar\/wp-content\/uploads\/2023\/11\/reparacion.jpg\u00bb width_tablet=\u00bb90%\u00bb width_phone=\u00bb90%\u00bb width_last_edited=\u00bbon|tablet\u00bb module_alignment=\u00bbcenter\u00bb min_height=\u00bb400px\u00bb min_height_tablet=\u00bb\u00bb min_height_phone=\u00bb\u00bb min_height_last_edited=\u00bbon|phone\u00bb custom_margin=\u00bb0px||0px||true|false\u00bb custom_padding=\u00bb0px|0px|0px|0px|true|true\u00bb custom_css_main_element=\u00bbdisplay: flex;||flex-direction: column;\u00bb border_radii=\u00bbon|20px|20px|20px|20px\u00bb border_radii_tablet=\u00bbon|20px|20px|20px|20px\u00bb border_radii_phone=\u00bbon|10px|10px|10px|10px\u00bb border_radii_last_edited=\u00bbon|phone\u00bb custom_width_px__hover=\u00bb1080px\u00bb custom_width_px__hover_enabled=\u00bb1080px\u00bb custom_width_percent__hover=\u00bb80%\u00bb custom_width_percent__hover_enabled=\u00bb80%\u00bb global_colors_info=\u00bb{}\u00bb make_fullwidth__hover=\u00bboff\u00bb make_fullwidth__hover_enabled=\u00bboff\u00bb use_custom_width__hover=\u00bboff\u00bb use_custom_width__hover_enabled=\u00bboff\u00bb width_unit__hover=\u00bbon\u00bb width_unit__hover_enabled=\u00bbon\u00bb use_custom_gutter__hover=\u00bboff\u00bb use_custom_gutter__hover_enabled=\u00bboff\u00bb gutter_width__hover=\u00bb3&#8243; gutter_width__hover_enabled=\u00bb3&#8243; make_equal__hover=\u00bboff\u00bb make_equal__hover_enabled=\u00bboff\u00bb][et_pb_column type=\u00bb4_4&#8243; _builder_version=\u00bb4.22.2&#8243; background_enable_image=\u00bboff\u00bb custom_padding=\u00bb15px|15px|15px|15px|true|true\u00bb custom_padding_tablet=\u00bb|30px||30px|true|true\u00bb custom_padding_phone=\u00bb30px||30px||true|true\u00bb custom_padding_last_edited=\u00bbon|desktop\u00bb global_colors_info=\u00bb{}\u00bb padding_phone=\u00bb|||\u00bb padding_tablet=\u00bb30px|30px|30px|30px|true|true\u00bb padding_last_edited=\u00bbon|phone\u00bb custom_padding__hover=\u00bb|||\u00bb][et_pb_text disabled_on=\u00bboff|off|off\u00bb admin_label=\u00bbtest admin\u00bb _builder_version=\u00bb4.23.1&#8243; text_font=\u00bbRoboto|900|||||||\u00bb text_font_size=\u00bb65px\u00bb text_line_height=\u00bb1.2em\u00bb header_font=\u00bb||||||||\u00bb header_3_font=\u00bbRoboto|500|||||||\u00bb header_3_text_align=\u00bbleft\u00bb header_3_font_size=\u00bb28px\u00bb header_3_line_height=\u00bb1.1em\u00bb background_layout=\u00bbdark\u00bb custom_margin=\u00bb||\u00bb custom_padding=\u00bb||||false|false\u00bb text_font_size_tablet=\u00bb55px\u00bb text_font_size_phone=\u00bb45px\u00bb text_font_size_last_edited=\u00bbon|phone\u00bb header_3_font_size_tablet=\u00bb30px\u00bb header_3_font_size_phone=\u00bb20px\u00bb header_3_font_size_last_edited=\u00bbon|phone\u00bb locked=\u00bboff\u00bb global_colors_info=\u00bb{}\u00bb header_3_font_size__hover=\u00bb22px\u00bb header_3_font_size__hover_enabled=\u00bb22px\u00bb header_3_letter_spacing__hover=\u00bb0px\u00bb header_3_letter_spacing__hover_enabled=\u00bb0px\u00bb header_3_line_height__hover=\u00bb1em\u00bb header_3_line_height__hover_enabled=\u00bb1em\u00bb header_3_text_shadow_style__hover=\u00bbnone\u00bb header_3_text_shadow_style__hover_enabled=\u00bbnone\u00bb header_3_text_shadow_color__hover=\u00bbrgba(0,0,0,0.4)\u00bb header_3_text_shadow_color__hover_enabled=\u00bbrgba(0,0,0,0.4)\u00bb header_6_font_size__hover=\u00bb14px\u00bb header_6_font_size__hover_enabled=\u00bb14px\u00bb header_6_letter_spacing__hover=\u00bb0px\u00bb header_6_letter_spacing__hover_enabled=\u00bb0px\u00bb header_6_line_height__hover=\u00bb1em\u00bb header_6_line_height__hover_enabled=\u00bb1em\u00bb header_6_text_shadow_style__hover=\u00bbnone\u00bb header_6_text_shadow_style__hover_enabled=\u00bbnone\u00bb header_6_text_shadow_color__hover=\u00bbrgba(0,0,0,0.4)\u00bb header_6_text_shadow_color__hover_enabled=\u00bbrgba(0,0,0,0.4)\u00bb header_4_font_size__hover=\u00bb18px\u00bb header_4_font_size__hover_enabled=\u00bb18px\u00bb header_4_letter_spacing__hover=\u00bb0px\u00bb header_4_letter_spacing__hover_enabled=\u00bb0px\u00bb header_4_line_height__hover=\u00bb1em\u00bb header_4_line_height__hover_enabled=\u00bb1em\u00bb header_4_text_shadow_style__hover=\u00bbnone\u00bb header_4_text_shadow_style__hover_enabled=\u00bbnone\u00bb header_4_text_shadow_color__hover=\u00bbrgba(0,0,0,0.4)\u00bb header_4_text_shadow_color__hover_enabled=\u00bbrgba(0,0,0,0.4)\u00bb]<\/p>\n<h3>Reparaciones<\/h3>\n<p>[\/et_pb_text][et_pb_button button_url=\u00bbhttps:\/\/www.ecusreparaciones.com\/\u00bb url_new_window=\u00bbon\u00bb button_text=\u00bbIr al sitio\u00bb button_alignment=\u00bbright\u00bb disabled_on=\u00bboff|off|off\u00bb _builder_version=\u00bb4.22.2&#8243; button_text_color=\u00bbgcid-63b8aee9-9fe4-437e-82b9-c1b8f0abbf10&#8243; button_bg_color=\u00bbgcid-7fe1fa0f-05c6-4fca-82df-a7ff60839990&#8243; button_border_color=\u00bbrgba(0,0,0,0)\u00bb button_border_radius=\u00bb10px\u00bb button_font=\u00bb|700|||||||\u00bb custom_margin=\u00bb270px||||false|false\u00bb custom_margin_tablet=\u00bb240px||||false|false\u00bb custom_margin_phone=\u00bb240px||||false|false\u00bb custom_margin_last_edited=\u00bbon|tablet\u00bb custom_padding=\u00bb10px|80px|9px|80px|false|true\u00bb custom_padding_tablet=\u00bb8px|60px|8px|60px|true|true\u00bb custom_padding_phone=\u00bb5px|50px|5px|50px|true|true\u00bb custom_padding_last_edited=\u00bbon|desktop\u00bb locked=\u00bboff\u00bb global_colors_info=\u00bb{%22gcid-63b8aee9-9fe4-437e-82b9-c1b8f0abbf10%22:%91%22button_text_color%22,%22button_text_color%22,%22button_text_color%22%93,%22gcid-7fe1fa0f-05c6-4fca-82df-a7ff60839990%22:%91%22button_bg_color%22,%22button_bg_color%22,%22button_bg_color%22%93}\u00bb button_border_width__hover=\u00bb2px\u00bb button_border_color__hover=\u00bbRGBA(255,255,255,0)\u00bb button_border_radius__hover_enabled=\u00bbon|hover\u00bb button_border_radius__hover=\u00bb10px\u00bb button_bg_color__hover=\u00bb#be0000&#8243; button_text_size__hover_enabled=\u00bbon|desktop\u00bb][\/et_pb_button][\/et_pb_column][\/et_pb_row][\/et_pb_section]<\/p>\n","protected":false},"excerpt":{"rendered":"<p>\u00bfQuer\u00e9s capacitarte para perfeccionar hoy tu trabajo del ma\u00f1ana? Capacitate con profesionales de excelencia. No te pierdas la oportunidad de aprender de la mano de t\u00e9cnicos e ingenieros que han perfeccionado sus conocimientos hasta volverse referentes en sus rubros.Capacitaciones\u00bfNecesitas ayuda para reparar m\u00f3dulos de electr\u00f3nica automotriz? Formamos parte de una red de t\u00e9cnicos especializados en [&hellip;]<\/p>\n","protected":false},"author":3,"featured_media":0,"parent":0,"menu_order":0,"comment_status":"closed","ping_status":"closed","template":"","meta":{"_et_pb_use_builder":"on","_et_pb_old_content":"","_et_gb_content_width":"","_uag_custom_page_level_css":"","_joinchat":[],"footnotes":""},"class_list":["post-11983","page","type-page","status-publish","hentry"],"uagb_featured_image_src":{"full":false,"thumbnail":false,"medium":false,"medium_large":false,"large":false,"1536x1536":false,"2048x2048":false,"trp-custom-language-flag":false,"et-pb-post-main-image":false,"et-pb-post-main-image-fullwidth":false,"et-pb-portfolio-image":false,"et-pb-portfolio-module-image":false,"et-pb-portfolio-image-single":false,"et-pb-gallery-module-image-portrait":false,"et-pb-post-main-image-fullwidth-large":false,"et-pb-image--responsive--desktop":false,"et-pb-image--responsive--tablet":false,"et-pb-image--responsive--phone":false,"woocommerce_thumbnail":false,"woocommerce_single":false,"woocommerce_gallery_thumbnail":false,"dgwt-wcas-product-suggestion":false},"uagb_author_info":{"display_name":"David Faur","author_link":"https:\/\/epic.net.ar\/en\/author\/david-dp\/"},"uagb_comment_info":0,"uagb_excerpt":"\u00bfQuer\u00e9s capacitarte para perfeccionar hoy tu trabajo del ma\u00f1ana? Capacitate con profesionales de excelencia. No te pierdas la oportunidad de aprender de la mano de t\u00e9cnicos e ingenieros que han perfeccionado sus conocimientos hasta volverse referentes en sus rubros.Capacitaciones\u00bfNecesitas ayuda para reparar m\u00f3dulos de electr\u00f3nica automotriz? Formamos parte de una red de t\u00e9cnicos especializados en&hellip;","_links":{"self":[{"href":"https:\/\/epic.net.ar\/en\/wp-json\/wp\/v2\/pages\/11983","targetHints":{"allow":["GET"]}}],"collection":[{"href":"https:\/\/epic.net.ar\/en\/wp-json\/wp\/v2\/pages"}],"about":[{"href":"https:\/\/epic.net.ar\/en\/wp-json\/wp\/v2\/types\/page"}],"author":[{"embeddable":true,"href":"https:\/\/epic.net.ar\/en\/wp-json\/wp\/v2\/users\/3"}],"replies":[{"embeddable":true,"href":"https:\/\/epic.net.ar\/en\/wp-json\/wp\/v2\/comments?post=11983"}],"version-history":[{"count":12,"href":"https:\/\/epic.net.ar\/en\/wp-json\/wp\/v2\/pages\/11983\/revisions"}],"predecessor-version":[{"id":15349,"href":"https:\/\/epic.net.ar\/en\/wp-json\/wp\/v2\/pages\/11983\/revisions\/15349"}],"wp:attachment":[{"href":"https:\/\/epic.net.ar\/en\/wp-json\/wp\/v2\/media?parent=11983"}],"curies":[{"name":"wp","href":"https:\/\/api.w.org\/{rel}","templated":true}]}}